{"id":12411,"date":"2022-12-14T10:18:36","date_gmt":"2022-12-14T09:18:36","guid":{"rendered":"https:\/\/dev.comingreat.eu\/?page_id=12411"},"modified":"2022-12-16T14:31:25","modified_gmt":"2022-12-16T13:31:25","slug":"wiki-ders-micropolluants","status":"publish","type":"page","link":"https:\/\/comingreat-26-03.eurokey.dev\/fr\/wiki-ders-micropolluants\/","title":{"rendered":"Wiki des micropolluants"},"content":{"rendered":"\t\t<div data-elementor-type=\"wp-page\" data-elementor-id=\"12411\" class=\"elementor elementor-12411 elementor-12396\" data-elementor-post-type=\"page\">\n\t\t\t\t\t\t<section class=\"elementor-section elementor-top-section elementor-element elementor-element-6ae739d elementor-section-boxed elementor-section-height-default elementor-section-height-default\" data-id=\"6ae739d\" data-element_type=\"section\" data-e-type=\"section\" data-settings=\"{&quot;background_background&quot;:&quot;classic&quot;}\">\n\t\t\t\t\t\t<div class=\"elementor-container elementor-column-gap-default\">\n\t\t\t\t\t<div class=\"elementor-column elementor-col-100 elementor-top-column elementor-element elementor-element-c0c83a6\" data-id=\"c0c83a6\" data-element_type=\"column\" data-e-type=\"column\">\n\t\t\t<div class=\"elementor-widget-wrap elementor-element-populated\">\n\t\t\t\t\t\t<div class=\"elementor-element elementor-element-083f814 solo elementor-widget elementor-widget-heading\" data-id=\"083f814\" data-element_type=\"widget\" data-e-type=\"widget\" data-widget_type=\"heading.default\">\n\t\t\t\t<div class=\"elementor-widget-container\">\n\t\t\t\t\t<h1 class=\"elementor-heading-title elementor-size-default\">Wiki des micropolluants<\/h1>\t\t\t\t<\/div>\n\t\t\t\t<\/div>\n\t\t\t\t<section class=\"elementor-section elementor-inner-section elementor-element elementor-element-6d35674 elementor-section-content-middle elementor-section-boxed elementor-section-height-default elementor-section-height-default\" data-id=\"6d35674\" data-element_type=\"section\" data-e-type=\"section\" data-settings=\"{&quot;background_background&quot;:&quot;classic&quot;}\">\n\t\t\t\t\t\t<div class=\"elementor-container elementor-column-gap-default\">\n\t\t\t\t\t<div class=\"elementor-column elementor-col-33 elementor-inner-column elementor-element elementor-element-8f62f3d\" data-id=\"8f62f3d\" data-element_type=\"column\" data-e-type=\"column\">\n\t\t\t<div class=\"elementor-widget-wrap elementor-element-populated\">\n\t\t\t\t\t\t<div class=\"elementor-element elementor-element-5574016 elementor-widget elementor-widget-text-editor\" data-id=\"5574016\" data-element_type=\"widget\" data-e-type=\"widget\" data-widget_type=\"text-editor.default\">\n\t\t\t\t<div class=\"elementor-widget-container\">\n\t\t\t\t\t\t\t\t\t<h5>Le wiki<\/h5><p>Les r\u00e9sultats issus de diff\u00e9rents programmes d\u2019analyse des micropolluants sont collect\u00e9s et mis \u00e0 disposition dans ce volet, prot\u00e9g\u00e9 par un mot de passe, de la plateforme d\u00e9di\u00e9e aux micropolluants.<\/p><p>En font partie pour l\u2019essentiel\u00a0:<\/p><p>Entr\u00e9es et sorties de stations d\u2019\u00e9puration communales\u00a0: diff\u00e9rents \u00e9l\u00e9ments traces ont \u00e9t\u00e9 mesur\u00e9s en entr\u00e9e et sortie de stations d\u2019\u00e9puration communales dans le cadre d\u2019op\u00e9rations g\u00e9n\u00e9rales de d\u00e9pistage (screening) ou d&rsquo;\u00e9tudes de faisabilit\u00e9 aux fins d\u2019int\u00e9gration d\u2019une \u00e9limination compl\u00e9mentaire des \u00e9l\u00e9ments traces.<\/p><p>Eaux de surface\u00a0: directive cadre sur l\u2019eau\/substances prioritaires, analyse d\u2019\u00e9l\u00e9ments traces dans les eaux de surface, ancr\u00e9e dans la l\u00e9gislation\u00a0; ces analyses sont r\u00e9alis\u00e9es et organis\u00e9es en g\u00e9n\u00e9ral par l\u2019administration de l\u2019environnement comp\u00e9tente.<\/p><h5>Note sur l&rsquo;enregistrement<\/h5><p>Si vous souhaitez avoir acc\u00e8s aux donn\u00e9es, veuillez nous envoyer un courriel avec pour objet \u00ab\u00a0Demande d\u2019un compte utilisateur Micropolluants-Wiki\u00a0\u00bb \u00e0 l\u2019adresse \u00e9lectronique <a href=\"mailto:support@evs.de\">support@evs.de<\/a>. Veuillez indiquer dans le courriel votre nom complet, l\u2018institution\/l\u2019autorit\u00e9\/la soci\u00e9t\u00e9 pour laquelle vous travaillez, votre adresse \u00e9lectronique et la raison pour laquelle vous souhaitez utiliser les donn\u00e9es. Veuillez tenir compte pour ce faire de nos <a href=\"\/wp-content\/uploads\/2022\/12\/conditions-_utilisation_wiki_fr.pdf\">conditions d\u2019utilisation<\/a> et notre <a href=\"\/wp-content\/uploads\/2022\/12\/Politique_de_protection_des_donnees_fr.pdf\">d\u00e9claration de protection des donn\u00e9es<\/a>. Apr\u00e8s examen, vous recevrez un courriel avec votre nom d\u2019utilisateur et un mot de passe.<\/p>\t\t\t\t\t\t\t\t<\/div>\n\t\t\t\t<\/div>\n\t\t\t\t\t<\/div>\n\t\t<\/div>\n\t\t\t\t<div class=\"elementor-column elementor-col-33 elementor-inner-column elementor-element elementor-element-502f751\" data-id=\"502f751\" data-element_type=\"column\" data-e-type=\"column\">\n\t\t\t<div class=\"elementor-widget-wrap\">\n\t\t\t\t\t\t\t<\/div>\n\t\t<\/div>\n\t\t\t\t<div class=\"elementor-column elementor-col-33 elementor-inner-column elementor-element elementor-element-61ad26c\" data-id=\"61ad26c\" data-element_type=\"column\" data-e-type=\"column\" data-settings=\"{&quot;background_background&quot;:&quot;classic&quot;}\">\n\t\t\t<div class=\"elementor-widget-wrap elementor-element-populated\">\n\t\t\t\t\t\t<div class=\"elementor-element elementor-element-180cd45 elementor-widget elementor-widget-image\" data-id=\"180cd45\" data-element_type=\"widget\" data-e-type=\"widget\" data-widget_type=\"image.default\">\n\t\t\t\t<div class=\"elementor-widget-container\">\n\t\t\t\t\t\t\t\t\t\t\t\t\t\t\t<img fetchpriority=\"high\" decoding=\"async\" width=\"800\" height=\"412\" src=\"https:\/\/comingreat-26-03.eurokey.dev\/wp-content\/uploads\/2022\/12\/screenshot_wiki-1-1024x527.png\" class=\"attachment-large size-large wp-image-12342\" alt=\"\" srcset=\"https:\/\/comingreat-26-03.eurokey.dev\/wp-content\/uploads\/2022\/12\/screenshot_wiki-1-1024x527.png 1024w, https:\/\/comingreat-26-03.eurokey.dev\/wp-content\/uploads\/2022\/12\/screenshot_wiki-1-300x154.png 300w, https:\/\/comingreat-26-03.eurokey.dev\/wp-content\/uploads\/2022\/12\/screenshot_wiki-1-768x395.png 768w, https:\/\/comingreat-26-03.eurokey.dev\/wp-content\/uploads\/2022\/12\/screenshot_wiki-1-1536x790.png 1536w, https:\/\/comingreat-26-03.eurokey.dev\/wp-content\/uploads\/2022\/12\/screenshot_wiki-1.png 1845w\" sizes=\"(max-width: 800px) 100vw, 800px\" \/>\t\t\t\t\t\t\t\t\t\t\t\t\t\t\t<\/div>\n\t\t\t\t<\/div>\n\t\t\t\t<div class=\"elementor-element elementor-element-36f9089 elementor-align-center elementor-widget elementor-widget-button\" data-id=\"36f9089\" data-element_type=\"widget\" data-e-type=\"widget\" data-widget_type=\"button.default\">\n\t\t\t\t<div class=\"elementor-widget-container\">\n\t\t\t\t\t\t\t\t\t<div class=\"elementor-button-wrapper\">\n\t\t\t\t\t<a class=\"elementor-button elementor-button-link elementor-size-sm\" href=\"https:\/\/wiki.comingreat.eu\/index.php\/Spezial:Anmelden\" target=\"_blank\">\n\t\t\t\t\t\t<span class=\"elementor-button-content-wrapper\">\n\t\t\t\t\t\t<span class=\"elementor-button-icon\">\n\t\t\t\t<i aria-hidden=\"true\" class=\"fas fa-user-lock\"><\/i>\t\t\t<\/span>\n\t\t\t\t\t\t\t\t\t<span class=\"elementor-button-text\">Vers le wiki des micropolluants<\/span>\n\t\t\t\t\t<\/span>\n\t\t\t\t\t<\/a>\n\t\t\t\t<\/div>\n\t\t\t\t\t\t\t\t<\/div>\n\t\t\t\t<\/div>\n\t\t\t\t\t<\/div>\n\t\t<\/div>\n\t\t\t\t\t<\/div>\n\t\t<\/section>\n\t\t\t\t\t<\/div>\n\t\t<\/div>\n\t\t\t\t\t<\/div>\n\t\t<\/section>\n\t\t\t\t<\/div>\n\t\t","protected":false},"excerpt":{"rendered":"<p>Wiki des micropolluants Le wiki Les r\u00e9sultats issus de diff\u00e9rents programmes d\u2019analyse des micropolluants sont collect\u00e9s et mis \u00e0 disposition dans ce volet, prot\u00e9g\u00e9 par un mot de passe, de la plateforme d\u00e9di\u00e9e aux micropolluants. En font partie pour l\u2019essentiel\u00a0: Entr\u00e9es et sorties de stations d\u2019\u00e9puration communales\u00a0: diff\u00e9rents \u00e9l\u00e9ments traces ont \u00e9t\u00e9 mesur\u00e9s en entr\u00e9e [&hellip;]<\/p>\n","protected":false},"author":1,"featured_media":0,"parent":0,"menu_order":6,"comment_status":"closed","ping_status":"closed","template":"","meta":{"footnotes":""},"class_list":["post-12411","page","type-page","status-publish","hentry"],"yoast_head":"<!-- This site is optimized with the Yoast SEO plugin v27.3 - https:\/\/yoast.com\/product\/yoast-seo-wordpress\/ -->\n<title>Wiki des micropolluants - CoMinGreat<\/title>\n<meta name=\"robots\" content=\"index, follow, max-snippet:-1, max-image-preview:large, max-video-preview:-1\" \/>\n<link rel=\"canonical\" href=\"https:\/\/comingreat-26-03.eurokey.dev\/fr\/wiki-ders-micropolluants\/\" \/>\n<meta property=\"og:locale\" content=\"fr_FR\" \/>\n<meta property=\"og:type\" content=\"article\" \/>\n<meta property=\"og:title\" content=\"Wiki des micropolluants - CoMinGreat\" \/>\n<meta property=\"og:description\" content=\"Wiki des micropolluants Le wiki Les r\u00e9sultats issus de diff\u00e9rents programmes d\u2019analyse des micropolluants sont collect\u00e9s et mis \u00e0 disposition dans ce volet, prot\u00e9g\u00e9 par un mot de passe, de la plateforme d\u00e9di\u00e9e aux micropolluants. En font partie pour l\u2019essentiel\u00a0: Entr\u00e9es et sorties de stations d\u2019\u00e9puration communales\u00a0: diff\u00e9rents \u00e9l\u00e9ments traces ont \u00e9t\u00e9 mesur\u00e9s en entr\u00e9e [&hellip;]\" \/>\n<meta property=\"og:url\" content=\"https:\/\/comingreat-26-03.eurokey.dev\/fr\/wiki-ders-micropolluants\/\" \/>\n<meta property=\"og:site_name\" content=\"CoMinGreat\" \/>\n<meta property=\"article:modified_time\" content=\"2022-12-16T13:31:25+00:00\" \/>\n<meta property=\"og:image\" content=\"https:\/\/comingreat-26-03.eurokey.dev\/wp-content\/uploads\/2022\/12\/screenshot_wiki-1-1024x527.png\" \/>\n<meta name=\"twitter:card\" content=\"summary_large_image\" \/>\n<meta name=\"twitter:label1\" content=\"Dur\u00e9e de lecture estim\u00e9e\" \/>\n\t<meta name=\"twitter:data1\" content=\"2 minutes\" \/>\n<script type=\"application\/ld+json\" class=\"yoast-schema-graph\">{\"@context\":\"https:\\\/\\\/schema.org\",\"@graph\":[{\"@type\":\"WebPage\",\"@id\":\"https:\\\/\\\/comingreat-26-03.eurokey.dev\\\/fr\\\/wiki-ders-micropolluants\\\/\",\"url\":\"https:\\\/\\\/comingreat-26-03.eurokey.dev\\\/fr\\\/wiki-ders-micropolluants\\\/\",\"name\":\"Wiki des micropolluants - CoMinGreat\",\"isPartOf\":{\"@id\":\"https:\\\/\\\/comingreat-26-03.eurokey.dev\\\/fr\\\/#website\"},\"primaryImageOfPage\":{\"@id\":\"https:\\\/\\\/comingreat-26-03.eurokey.dev\\\/fr\\\/wiki-ders-micropolluants\\\/#primaryimage\"},\"image\":{\"@id\":\"https:\\\/\\\/comingreat-26-03.eurokey.dev\\\/fr\\\/wiki-ders-micropolluants\\\/#primaryimage\"},\"thumbnailUrl\":\"https:\\\/\\\/comingreat-26-03.eurokey.dev\\\/wp-content\\\/uploads\\\/2022\\\/12\\\/screenshot_wiki-1-1024x527.png\",\"datePublished\":\"2022-12-14T09:18:36+00:00\",\"dateModified\":\"2022-12-16T13:31:25+00:00\",\"breadcrumb\":{\"@id\":\"https:\\\/\\\/comingreat-26-03.eurokey.dev\\\/fr\\\/wiki-ders-micropolluants\\\/#breadcrumb\"},\"inLanguage\":\"fr-FR\",\"potentialAction\":[{\"@type\":\"ReadAction\",\"target\":[\"https:\\\/\\\/comingreat-26-03.eurokey.dev\\\/fr\\\/wiki-ders-micropolluants\\\/\"]}]},{\"@type\":\"ImageObject\",\"inLanguage\":\"fr-FR\",\"@id\":\"https:\\\/\\\/comingreat-26-03.eurokey.dev\\\/fr\\\/wiki-ders-micropolluants\\\/#primaryimage\",\"url\":\"https:\\\/\\\/comingreat-26-03.eurokey.dev\\\/wp-content\\\/uploads\\\/2022\\\/12\\\/screenshot_wiki-1-1024x527.png\",\"contentUrl\":\"https:\\\/\\\/comingreat-26-03.eurokey.dev\\\/wp-content\\\/uploads\\\/2022\\\/12\\\/screenshot_wiki-1-1024x527.png\"},{\"@type\":\"BreadcrumbList\",\"@id\":\"https:\\\/\\\/comingreat-26-03.eurokey.dev\\\/fr\\\/wiki-ders-micropolluants\\\/#breadcrumb\",\"itemListElement\":[{\"@type\":\"ListItem\",\"position\":1,\"name\":\"Page d'acceuil\",\"item\":\"https:\\\/\\\/comingreat-26-03.eurokey.dev\\\/fr\\\/\"},{\"@type\":\"ListItem\",\"position\":2,\"name\":\"Wiki des micropolluants\"}]},{\"@type\":\"WebSite\",\"@id\":\"https:\\\/\\\/comingreat-26-03.eurokey.dev\\\/fr\\\/#website\",\"url\":\"https:\\\/\\\/comingreat-26-03.eurokey.dev\\\/fr\\\/\",\"name\":\"CoMinGreat\",\"description\":\"Mikroschadstoffe in der Gro\u00dfregion\",\"publisher\":{\"@id\":\"https:\\\/\\\/comingreat-26-03.eurokey.dev\\\/fr\\\/#organization\"},\"potentialAction\":[{\"@type\":\"SearchAction\",\"target\":{\"@type\":\"EntryPoint\",\"urlTemplate\":\"https:\\\/\\\/comingreat-26-03.eurokey.dev\\\/fr\\\/?s={search_term_string}\"},\"query-input\":{\"@type\":\"PropertyValueSpecification\",\"valueRequired\":true,\"valueName\":\"search_term_string\"}}],\"inLanguage\":\"fr-FR\"},{\"@type\":\"Organization\",\"@id\":\"https:\\\/\\\/comingreat-26-03.eurokey.dev\\\/fr\\\/#organization\",\"name\":\"CoMinGreat\",\"url\":\"https:\\\/\\\/comingreat-26-03.eurokey.dev\\\/fr\\\/\",\"logo\":{\"@type\":\"ImageObject\",\"inLanguage\":\"fr-FR\",\"@id\":\"https:\\\/\\\/comingreat-26-03.eurokey.dev\\\/fr\\\/#\\\/schema\\\/logo\\\/image\\\/\",\"url\":\"https:\\\/\\\/comingreat-26-03.eurokey.dev\\\/wp-content\\\/uploads\\\/2022\\\/09\\\/Interreg_GR_CoMinGreat_RGB_web.svg\",\"contentUrl\":\"https:\\\/\\\/comingreat-26-03.eurokey.dev\\\/wp-content\\\/uploads\\\/2022\\\/09\\\/Interreg_GR_CoMinGreat_RGB_web.svg\",\"width\":437,\"height\":177,\"caption\":\"CoMinGreat\"},\"image\":{\"@id\":\"https:\\\/\\\/comingreat-26-03.eurokey.dev\\\/fr\\\/#\\\/schema\\\/logo\\\/image\\\/\"}}]}<\/script>\n<!-- \/ Yoast SEO plugin. -->","yoast_head_json":{"title":"Wiki des micropolluants - CoMinGreat","robots":{"index":"index","follow":"follow","max-snippet":"max-snippet:-1","max-image-preview":"max-image-preview:large","max-video-preview":"max-video-preview:-1"},"canonical":"https:\/\/comingreat-26-03.eurokey.dev\/fr\/wiki-ders-micropolluants\/","og_locale":"fr_FR","og_type":"article","og_title":"Wiki des micropolluants - CoMinGreat","og_description":"Wiki des micropolluants Le wiki Les r\u00e9sultats issus de diff\u00e9rents programmes d\u2019analyse des micropolluants sont collect\u00e9s et mis \u00e0 disposition dans ce volet, prot\u00e9g\u00e9 par un mot de passe, de la plateforme d\u00e9di\u00e9e aux micropolluants. En font partie pour l\u2019essentiel\u00a0: Entr\u00e9es et sorties de stations d\u2019\u00e9puration communales\u00a0: diff\u00e9rents \u00e9l\u00e9ments traces ont \u00e9t\u00e9 mesur\u00e9s en entr\u00e9e [&hellip;]","og_url":"https:\/\/comingreat-26-03.eurokey.dev\/fr\/wiki-ders-micropolluants\/","og_site_name":"CoMinGreat","article_modified_time":"2022-12-16T13:31:25+00:00","og_image":[{"url":"https:\/\/comingreat-26-03.eurokey.dev\/wp-content\/uploads\/2022\/12\/screenshot_wiki-1-1024x527.png","type":"","width":"","height":""}],"twitter_card":"summary_large_image","twitter_misc":{"Dur\u00e9e de lecture estim\u00e9e":"2 minutes"},"schema":{"@context":"https:\/\/schema.org","@graph":[{"@type":"WebPage","@id":"https:\/\/comingreat-26-03.eurokey.dev\/fr\/wiki-ders-micropolluants\/","url":"https:\/\/comingreat-26-03.eurokey.dev\/fr\/wiki-ders-micropolluants\/","name":"Wiki des micropolluants - CoMinGreat","isPartOf":{"@id":"https:\/\/comingreat-26-03.eurokey.dev\/fr\/#website"},"primaryImageOfPage":{"@id":"https:\/\/comingreat-26-03.eurokey.dev\/fr\/wiki-ders-micropolluants\/#primaryimage"},"image":{"@id":"https:\/\/comingreat-26-03.eurokey.dev\/fr\/wiki-ders-micropolluants\/#primaryimage"},"thumbnailUrl":"https:\/\/comingreat-26-03.eurokey.dev\/wp-content\/uploads\/2022\/12\/screenshot_wiki-1-1024x527.png","datePublished":"2022-12-14T09:18:36+00:00","dateModified":"2022-12-16T13:31:25+00:00","breadcrumb":{"@id":"https:\/\/comingreat-26-03.eurokey.dev\/fr\/wiki-ders-micropolluants\/#breadcrumb"},"inLanguage":"fr-FR","potentialAction":[{"@type":"ReadAction","target":["https:\/\/comingreat-26-03.eurokey.dev\/fr\/wiki-ders-micropolluants\/"]}]},{"@type":"ImageObject","inLanguage":"fr-FR","@id":"https:\/\/comingreat-26-03.eurokey.dev\/fr\/wiki-ders-micropolluants\/#primaryimage","url":"https:\/\/comingreat-26-03.eurokey.dev\/wp-content\/uploads\/2022\/12\/screenshot_wiki-1-1024x527.png","contentUrl":"https:\/\/comingreat-26-03.eurokey.dev\/wp-content\/uploads\/2022\/12\/screenshot_wiki-1-1024x527.png"},{"@type":"BreadcrumbList","@id":"https:\/\/comingreat-26-03.eurokey.dev\/fr\/wiki-ders-micropolluants\/#breadcrumb","itemListElement":[{"@type":"ListItem","position":1,"name":"Page d'acceuil","item":"https:\/\/comingreat-26-03.eurokey.dev\/fr\/"},{"@type":"ListItem","position":2,"name":"Wiki des micropolluants"}]},{"@type":"WebSite","@id":"https:\/\/comingreat-26-03.eurokey.dev\/fr\/#website","url":"https:\/\/comingreat-26-03.eurokey.dev\/fr\/","name":"CoMinGreat","description":"Mikroschadstoffe in der Gro\u00dfregion","publisher":{"@id":"https:\/\/comingreat-26-03.eurokey.dev\/fr\/#organization"},"potentialAction":[{"@type":"SearchAction","target":{"@type":"EntryPoint","urlTemplate":"https:\/\/comingreat-26-03.eurokey.dev\/fr\/?s={search_term_string}"},"query-input":{"@type":"PropertyValueSpecification","valueRequired":true,"valueName":"search_term_string"}}],"inLanguage":"fr-FR"},{"@type":"Organization","@id":"https:\/\/comingreat-26-03.eurokey.dev\/fr\/#organization","name":"CoMinGreat","url":"https:\/\/comingreat-26-03.eurokey.dev\/fr\/","logo":{"@type":"ImageObject","inLanguage":"fr-FR","@id":"https:\/\/comingreat-26-03.eurokey.dev\/fr\/#\/schema\/logo\/image\/","url":"https:\/\/comingreat-26-03.eurokey.dev\/wp-content\/uploads\/2022\/09\/Interreg_GR_CoMinGreat_RGB_web.svg","contentUrl":"https:\/\/comingreat-26-03.eurokey.dev\/wp-content\/uploads\/2022\/09\/Interreg_GR_CoMinGreat_RGB_web.svg","width":437,"height":177,"caption":"CoMinGreat"},"image":{"@id":"https:\/\/comingreat-26-03.eurokey.dev\/fr\/#\/schema\/logo\/image\/"}}]}},"_links":{"self":[{"href":"https:\/\/comingreat-26-03.eurokey.dev\/fr\/wp-json\/wp\/v2\/pages\/12411","targetHints":{"allow":["GET"]}}],"collection":[{"href":"https:\/\/comingreat-26-03.eurokey.dev\/fr\/wp-json\/wp\/v2\/pages"}],"about":[{"href":"https:\/\/comingreat-26-03.eurokey.dev\/fr\/wp-json\/wp\/v2\/types\/page"}],"author":[{"embeddable":true,"href":"https:\/\/comingreat-26-03.eurokey.dev\/fr\/wp-json\/wp\/v2\/users\/1"}],"replies":[{"embeddable":true,"href":"https:\/\/comingreat-26-03.eurokey.dev\/fr\/wp-json\/wp\/v2\/comments?post=12411"}],"version-history":[{"count":24,"href":"https:\/\/comingreat-26-03.eurokey.dev\/fr\/wp-json\/wp\/v2\/pages\/12411\/revisions"}],"predecessor-version":[{"id":12786,"href":"https:\/\/comingreat-26-03.eurokey.dev\/fr\/wp-json\/wp\/v2\/pages\/12411\/revisions\/12786"}],"wp:attachment":[{"href":"https:\/\/comingreat-26-03.eurokey.dev\/fr\/wp-json\/wp\/v2\/media?parent=12411"}],"curies":[{"name":"wp","href":"https:\/\/api.w.org\/{rel}","templated":true}]}}