{"id":5219,"date":"2022-10-05T10:53:03","date_gmt":"2022-10-05T08:53:03","guid":{"rendered":"https:\/\/dev.comingreat.eu\/?page_id=5219"},"modified":"2022-12-15T10:51:22","modified_gmt":"2022-12-15T09:51:22","slug":"grande-region","status":"publish","type":"page","link":"https:\/\/comingreat-26-03.eurokey.dev\/fr\/grande-region\/","title":{"rendered":"Grande R\u00e9gion"},"content":{"rendered":"\t\t<div data-elementor-type=\"wp-page\" data-elementor-id=\"5219\" class=\"elementor elementor-5219 elementor-5218\" data-elementor-post-type=\"page\">\n\t\t\t\t\t\t<section class=\"elementor-section elementor-top-section elementor-element elementor-element-6c81958 elementor-section-boxed elementor-section-height-default elementor-section-height-default\" data-id=\"6c81958\" data-element_type=\"section\" data-e-type=\"section\" data-settings=\"{&quot;background_background&quot;:&quot;classic&quot;}\">\n\t\t\t\t\t\t<div class=\"elementor-container elementor-column-gap-default\">\n\t\t\t\t\t<div class=\"elementor-column elementor-col-100 elementor-top-column elementor-element elementor-element-3405880\" data-id=\"3405880\" data-element_type=\"column\" data-e-type=\"column\">\n\t\t\t<div class=\"elementor-widget-wrap elementor-element-populated\">\n\t\t\t\t\t\t<div class=\"elementor-element elementor-element-a7a675f solo elementor-widget elementor-widget-heading\" data-id=\"a7a675f\" data-element_type=\"widget\" data-e-type=\"widget\" data-widget_type=\"heading.default\">\n\t\t\t\t<div class=\"elementor-widget-container\">\n\t\t\t\t\t<h1 class=\"elementor-heading-title elementor-size-default\">La Grande R\u00e9gion<\/h1>\t\t\t\t<\/div>\n\t\t\t\t<\/div>\n\t\t\t\t<div class=\"elementor-element elementor-element-aef9ee7 elementor-widget elementor-widget-spacer\" data-id=\"aef9ee7\" data-element_type=\"widget\" data-e-type=\"widget\" data-widget_type=\"spacer.default\">\n\t\t\t\t<div class=\"elementor-widget-container\">\n\t\t\t\t\t\t\t<div class=\"elementor-spacer\">\n\t\t\t<div class=\"elementor-spacer-inner\"><\/div>\n\t\t<\/div>\n\t\t\t\t\t\t<\/div>\n\t\t\t\t<\/div>\n\t\t\t\t<section class=\"elementor-section elementor-inner-section elementor-element elementor-element-21e41ff elementor-section-boxed elementor-section-height-default elementor-section-height-default\" data-id=\"21e41ff\" data-element_type=\"section\" data-e-type=\"section\">\n\t\t\t\t\t\t<div class=\"elementor-container elementor-column-gap-wide\">\n\t\t\t\t\t<div class=\"elementor-column elementor-col-33 elementor-inner-column elementor-element elementor-element-cfe9bb0\" data-id=\"cfe9bb0\" data-element_type=\"column\" data-e-type=\"column\">\n\t\t\t<div class=\"elementor-widget-wrap elementor-element-populated\">\n\t\t\t\t\t\t<div class=\"elementor-element elementor-element-5fe1a76 elementor-bg-transform elementor-bg-transform-move-up elementor-cta--skin-classic elementor-animated-content elementor-widget elementor-widget-call-to-action\" data-id=\"5fe1a76\" data-element_type=\"widget\" data-e-type=\"widget\" data-widget_type=\"call-to-action.default\">\n\t\t\t\t<div class=\"elementor-widget-container\">\n\t\t\t\t\t\t\t<a class=\"elementor-cta\" href=\"\/gross-region\/laender-und-grenzen\/\">\n\t\t\t\t\t<div class=\"elementor-cta__bg-wrapper\">\n\t\t\t\t<div class=\"elementor-cta__bg elementor-bg\" style=\"background-image: url(https:\/\/comingreat-26-03.eurokey.dev\/wp-content\/uploads\/2022\/11\/grossregion_grenzen.jpg);\" role=\"img\" aria-label=\"grossregion_grenzen\"><\/div>\n\t\t\t\t<div class=\"elementor-cta__bg-overlay\"><\/div>\n\t\t\t<\/div>\n\t\t\t\t\t\t\t<div class=\"elementor-cta__content\">\n\t\t\t\t\n\t\t\t\t\t\t\t\t\t<h3 class=\"elementor-cta__title elementor-cta__content-item elementor-content-item\">\n\t\t\t\t\t\tPays et fronti\u00e8res\t\t\t\t\t<\/h3>\n\t\t\t\t\n\t\t\t\t\n\t\t\t\t\t\t\t<\/div>\n\t\t\t\t\t\t<\/a>\n\t\t\t\t\t\t<\/div>\n\t\t\t\t<\/div>\n\t\t\t\t\t<\/div>\n\t\t<\/div>\n\t\t\t\t<div class=\"elementor-column elementor-col-33 elementor-inner-column elementor-element elementor-element-e6917ce\" data-id=\"e6917ce\" data-element_type=\"column\" data-e-type=\"column\">\n\t\t\t<div class=\"elementor-widget-wrap elementor-element-populated\">\n\t\t\t\t\t\t<div class=\"elementor-element elementor-element-087b376 elementor-bg-transform elementor-bg-transform-move-up elementor-cta--skin-classic elementor-animated-content elementor-widget elementor-widget-call-to-action\" data-id=\"087b376\" data-element_type=\"widget\" data-e-type=\"widget\" data-widget_type=\"call-to-action.default\">\n\t\t\t\t<div class=\"elementor-widget-container\">\n\t\t\t\t\t\t\t<a class=\"elementor-cta\" href=\"\/gross-region\/interaktive-karten\/\">\n\t\t\t\t\t<div class=\"elementor-cta__bg-wrapper\">\n\t\t\t\t<div class=\"elementor-cta__bg elementor-bg\" style=\"background-image: url(https:\/\/comingreat-26-03.eurokey.dev\/wp-content\/uploads\/2022\/11\/arcgis-map-1024x594.jpg);\" role=\"img\" aria-label=\"arcgis-map\"><\/div>\n\t\t\t\t<div class=\"elementor-cta__bg-overlay\"><\/div>\n\t\t\t<\/div>\n\t\t\t\t\t\t\t<div class=\"elementor-cta__content\">\n\t\t\t\t\n\t\t\t\t\t\t\t\t\t<h3 class=\"elementor-cta__title elementor-cta__content-item elementor-content-item\">\n\t\t\t\t\t\tCartes interactives\t\t\t\t\t<\/h3>\n\t\t\t\t\n\t\t\t\t\n\t\t\t\t\t\t\t<\/div>\n\t\t\t\t\t\t<\/a>\n\t\t\t\t\t\t<\/div>\n\t\t\t\t<\/div>\n\t\t\t\t\t<\/div>\n\t\t<\/div>\n\t\t\t\t<div class=\"elementor-column elementor-col-33 elementor-inner-column elementor-element elementor-element-9ea57ce\" data-id=\"9ea57ce\" data-element_type=\"column\" data-e-type=\"column\">\n\t\t\t<div class=\"elementor-widget-wrap elementor-element-populated\">\n\t\t\t\t\t\t<div class=\"elementor-element elementor-element-430c6da elementor-bg-transform elementor-bg-transform-move-up elementor-cta--skin-classic elementor-animated-content elementor-widget elementor-widget-call-to-action\" data-id=\"430c6da\" data-element_type=\"widget\" data-e-type=\"widget\" data-widget_type=\"call-to-action.default\">\n\t\t\t\t<div class=\"elementor-widget-container\">\n\t\t\t\t\t\t\t<a class=\"elementor-cta\" href=\"\/gross-region\/strategien\/\">\n\t\t\t\t\t<div class=\"elementor-cta__bg-wrapper\">\n\t\t\t\t<div class=\"elementor-cta__bg elementor-bg\" style=\"background-image: url(https:\/\/comingreat-26-03.eurokey.dev\/wp-content\/uploads\/2022\/12\/AdobeStock_276563104_m-1024x576.jpg);\" role=\"img\" aria-label=\"AdobeStock_276563104_m\"><\/div>\n\t\t\t\t<div class=\"elementor-cta__bg-overlay\"><\/div>\n\t\t\t<\/div>\n\t\t\t\t\t\t\t<div class=\"elementor-cta__content\">\n\t\t\t\t\n\t\t\t\t\t\t\t\t\t<h3 class=\"elementor-cta__title elementor-cta__content-item elementor-content-item\">\n\t\t\t\t\t\tStrat\u00e9gies\t\t\t\t\t<\/h3>\n\t\t\t\t\n\t\t\t\t\n\t\t\t\t\t\t\t<\/div>\n\t\t\t\t\t\t<\/a>\n\t\t\t\t\t\t<\/div>\n\t\t\t\t<\/div>\n\t\t\t\t\t<\/div>\n\t\t<\/div>\n\t\t\t\t\t<\/div>\n\t\t<\/section>\n\t\t\t\t\t<\/div>\n\t\t<\/div>\n\t\t\t\t\t<\/div>\n\t\t<\/section>\n\t\t\t\t<\/div>\n\t\t","protected":false},"excerpt":{"rendered":"<p>La Grande R\u00e9gion Pays et fronti\u00e8res Cartes interactives Strat\u00e9gies<\/p>\n","protected":false},"author":1,"featured_media":0,"parent":0,"menu_order":3,"comment_status":"closed","ping_status":"closed","template":"","meta":{"footnotes":""},"class_list":["post-5219","page","type-page","status-publish","hentry"],"yoast_head":"<!-- This site is optimized with the Yoast SEO plugin v27.3 - https:\/\/yoast.com\/product\/yoast-seo-wordpress\/ -->\n<title>Grande R\u00e9gion - CoMinGreat<\/title>\n<meta name=\"robots\" content=\"index, follow, max-snippet:-1, max-image-preview:large, max-video-preview:-1\" \/>\n<link rel=\"canonical\" href=\"https:\/\/comingreat-26-03.eurokey.dev\/fr\/grande-region\/\" \/>\n<meta property=\"og:locale\" content=\"fr_FR\" \/>\n<meta property=\"og:type\" content=\"article\" \/>\n<meta property=\"og:title\" content=\"Grande R\u00e9gion - CoMinGreat\" \/>\n<meta property=\"og:description\" content=\"La Grande R\u00e9gion Pays et fronti\u00e8res Cartes interactives Strat\u00e9gies\" \/>\n<meta property=\"og:url\" content=\"https:\/\/comingreat-26-03.eurokey.dev\/fr\/grande-region\/\" \/>\n<meta property=\"og:site_name\" content=\"CoMinGreat\" \/>\n<meta property=\"article:modified_time\" content=\"2022-12-15T09:51:22+00:00\" \/>\n<meta name=\"twitter:card\" content=\"summary_large_image\" \/>\n<meta name=\"twitter:label1\" content=\"Dur\u00e9e de lecture estim\u00e9e\" \/>\n\t<meta name=\"twitter:data1\" content=\"1 minute\" \/>\n<script type=\"application\/ld+json\" class=\"yoast-schema-graph\">{\"@context\":\"https:\\\/\\\/schema.org\",\"@graph\":[{\"@type\":\"WebPage\",\"@id\":\"https:\\\/\\\/comingreat-26-03.eurokey.dev\\\/fr\\\/grande-region\\\/\",\"url\":\"https:\\\/\\\/comingreat-26-03.eurokey.dev\\\/fr\\\/grande-region\\\/\",\"name\":\"Grande R\u00e9gion - CoMinGreat\",\"isPartOf\":{\"@id\":\"https:\\\/\\\/comingreat-26-03.eurokey.dev\\\/fr\\\/#website\"},\"datePublished\":\"2022-10-05T08:53:03+00:00\",\"dateModified\":\"2022-12-15T09:51:22+00:00\",\"breadcrumb\":{\"@id\":\"https:\\\/\\\/comingreat-26-03.eurokey.dev\\\/fr\\\/grande-region\\\/#breadcrumb\"},\"inLanguage\":\"fr-FR\",\"potentialAction\":[{\"@type\":\"ReadAction\",\"target\":[\"https:\\\/\\\/comingreat-26-03.eurokey.dev\\\/fr\\\/grande-region\\\/\"]}]},{\"@type\":\"BreadcrumbList\",\"@id\":\"https:\\\/\\\/comingreat-26-03.eurokey.dev\\\/fr\\\/grande-region\\\/#breadcrumb\",\"itemListElement\":[{\"@type\":\"ListItem\",\"position\":1,\"name\":\"Page d'acceuil\",\"item\":\"https:\\\/\\\/comingreat-26-03.eurokey.dev\\\/fr\\\/\"},{\"@type\":\"ListItem\",\"position\":2,\"name\":\"Grande R\u00e9gion\"}]},{\"@type\":\"WebSite\",\"@id\":\"https:\\\/\\\/comingreat-26-03.eurokey.dev\\\/fr\\\/#website\",\"url\":\"https:\\\/\\\/comingreat-26-03.eurokey.dev\\\/fr\\\/\",\"name\":\"CoMinGreat\",\"description\":\"Mikroschadstoffe in der Gro\u00dfregion\",\"publisher\":{\"@id\":\"https:\\\/\\\/comingreat-26-03.eurokey.dev\\\/fr\\\/#organization\"},\"potentialAction\":[{\"@type\":\"SearchAction\",\"target\":{\"@type\":\"EntryPoint\",\"urlTemplate\":\"https:\\\/\\\/comingreat-26-03.eurokey.dev\\\/fr\\\/?s={search_term_string}\"},\"query-input\":{\"@type\":\"PropertyValueSpecification\",\"valueRequired\":true,\"valueName\":\"search_term_string\"}}],\"inLanguage\":\"fr-FR\"},{\"@type\":\"Organization\",\"@id\":\"https:\\\/\\\/comingreat-26-03.eurokey.dev\\\/fr\\\/#organization\",\"name\":\"CoMinGreat\",\"url\":\"https:\\\/\\\/comingreat-26-03.eurokey.dev\\\/fr\\\/\",\"logo\":{\"@type\":\"ImageObject\",\"inLanguage\":\"fr-FR\",\"@id\":\"https:\\\/\\\/comingreat-26-03.eurokey.dev\\\/fr\\\/#\\\/schema\\\/logo\\\/image\\\/\",\"url\":\"https:\\\/\\\/comingreat-26-03.eurokey.dev\\\/wp-content\\\/uploads\\\/2022\\\/09\\\/Interreg_GR_CoMinGreat_RGB_web.svg\",\"contentUrl\":\"https:\\\/\\\/comingreat-26-03.eurokey.dev\\\/wp-content\\\/uploads\\\/2022\\\/09\\\/Interreg_GR_CoMinGreat_RGB_web.svg\",\"width\":437,\"height\":177,\"caption\":\"CoMinGreat\"},\"image\":{\"@id\":\"https:\\\/\\\/comingreat-26-03.eurokey.dev\\\/fr\\\/#\\\/schema\\\/logo\\\/image\\\/\"}}]}<\/script>\n<!-- \/ Yoast SEO plugin. -->","yoast_head_json":{"title":"Grande R\u00e9gion - CoMinGreat","robots":{"index":"index","follow":"follow","max-snippet":"max-snippet:-1","max-image-preview":"max-image-preview:large","max-video-preview":"max-video-preview:-1"},"canonical":"https:\/\/comingreat-26-03.eurokey.dev\/fr\/grande-region\/","og_locale":"fr_FR","og_type":"article","og_title":"Grande R\u00e9gion - CoMinGreat","og_description":"La Grande R\u00e9gion Pays et fronti\u00e8res Cartes interactives Strat\u00e9gies","og_url":"https:\/\/comingreat-26-03.eurokey.dev\/fr\/grande-region\/","og_site_name":"CoMinGreat","article_modified_time":"2022-12-15T09:51:22+00:00","twitter_card":"summary_large_image","twitter_misc":{"Dur\u00e9e de lecture estim\u00e9e":"1 minute"},"schema":{"@context":"https:\/\/schema.org","@graph":[{"@type":"WebPage","@id":"https:\/\/comingreat-26-03.eurokey.dev\/fr\/grande-region\/","url":"https:\/\/comingreat-26-03.eurokey.dev\/fr\/grande-region\/","name":"Grande R\u00e9gion - CoMinGreat","isPartOf":{"@id":"https:\/\/comingreat-26-03.eurokey.dev\/fr\/#website"},"datePublished":"2022-10-05T08:53:03+00:00","dateModified":"2022-12-15T09:51:22+00:00","breadcrumb":{"@id":"https:\/\/comingreat-26-03.eurokey.dev\/fr\/grande-region\/#breadcrumb"},"inLanguage":"fr-FR","potentialAction":[{"@type":"ReadAction","target":["https:\/\/comingreat-26-03.eurokey.dev\/fr\/grande-region\/"]}]},{"@type":"BreadcrumbList","@id":"https:\/\/comingreat-26-03.eurokey.dev\/fr\/grande-region\/#breadcrumb","itemListElement":[{"@type":"ListItem","position":1,"name":"Page d'acceuil","item":"https:\/\/comingreat-26-03.eurokey.dev\/fr\/"},{"@type":"ListItem","position":2,"name":"Grande R\u00e9gion"}]},{"@type":"WebSite","@id":"https:\/\/comingreat-26-03.eurokey.dev\/fr\/#website","url":"https:\/\/comingreat-26-03.eurokey.dev\/fr\/","name":"CoMinGreat","description":"Mikroschadstoffe in der Gro\u00dfregion","publisher":{"@id":"https:\/\/comingreat-26-03.eurokey.dev\/fr\/#organization"},"potentialAction":[{"@type":"SearchAction","target":{"@type":"EntryPoint","urlTemplate":"https:\/\/comingreat-26-03.eurokey.dev\/fr\/?s={search_term_string}"},"query-input":{"@type":"PropertyValueSpecification","valueRequired":true,"valueName":"search_term_string"}}],"inLanguage":"fr-FR"},{"@type":"Organization","@id":"https:\/\/comingreat-26-03.eurokey.dev\/fr\/#organization","name":"CoMinGreat","url":"https:\/\/comingreat-26-03.eurokey.dev\/fr\/","logo":{"@type":"ImageObject","inLanguage":"fr-FR","@id":"https:\/\/comingreat-26-03.eurokey.dev\/fr\/#\/schema\/logo\/image\/","url":"https:\/\/comingreat-26-03.eurokey.dev\/wp-content\/uploads\/2022\/09\/Interreg_GR_CoMinGreat_RGB_web.svg","contentUrl":"https:\/\/comingreat-26-03.eurokey.dev\/wp-content\/uploads\/2022\/09\/Interreg_GR_CoMinGreat_RGB_web.svg","width":437,"height":177,"caption":"CoMinGreat"},"image":{"@id":"https:\/\/comingreat-26-03.eurokey.dev\/fr\/#\/schema\/logo\/image\/"}}]}},"_links":{"self":[{"href":"https:\/\/comingreat-26-03.eurokey.dev\/fr\/wp-json\/wp\/v2\/pages\/5219","targetHints":{"allow":["GET"]}}],"collection":[{"href":"https:\/\/comingreat-26-03.eurokey.dev\/fr\/wp-json\/wp\/v2\/pages"}],"about":[{"href":"https:\/\/comingreat-26-03.eurokey.dev\/fr\/wp-json\/wp\/v2\/types\/page"}],"author":[{"embeddable":true,"href":"https:\/\/comingreat-26-03.eurokey.dev\/fr\/wp-json\/wp\/v2\/users\/1"}],"replies":[{"embeddable":true,"href":"https:\/\/comingreat-26-03.eurokey.dev\/fr\/wp-json\/wp\/v2\/comments?post=5219"}],"version-history":[{"count":42,"href":"https:\/\/comingreat-26-03.eurokey.dev\/fr\/wp-json\/wp\/v2\/pages\/5219\/revisions"}],"predecessor-version":[{"id":12577,"href":"https:\/\/comingreat-26-03.eurokey.dev\/fr\/wp-json\/wp\/v2\/pages\/5219\/revisions\/12577"}],"wp:attachment":[{"href":"https:\/\/comingreat-26-03.eurokey.dev\/fr\/wp-json\/wp\/v2\/media?parent=5219"}],"curies":[{"name":"wp","href":"https:\/\/api.w.org\/{rel}","templated":true}]}}