{"id":7532,"date":"2022-11-16T13:00:56","date_gmt":"2022-11-16T12:00:56","guid":{"rendered":"https:\/\/dev.comingreat.eu\/?page_id=7532"},"modified":"2022-12-15T10:57:47","modified_gmt":"2022-12-15T09:57:47","slug":"informations-complementaires","status":"publish","type":"page","link":"https:\/\/comingreat-26-03.eurokey.dev\/fr\/les-micropolluants\/informations-complementaires\/","title":{"rendered":"Informations compl\u00e9mentaires"},"content":{"rendered":"\t\t<div data-elementor-type=\"wp-page\" data-elementor-id=\"7532\" class=\"elementor elementor-7532 elementor-7531\" data-elementor-post-type=\"page\">\n\t\t\t\t\t\t<section class=\"elementor-section elementor-top-section elementor-element elementor-element-fb514c4 elementor-section-boxed elementor-section-height-default elementor-section-height-default\" data-id=\"fb514c4\" data-element_type=\"section\" data-e-type=\"section\" data-settings=\"{&quot;background_background&quot;:&quot;classic&quot;}\">\n\t\t\t\t\t\t<div class=\"elementor-container elementor-column-gap-default\">\n\t\t\t\t\t<div class=\"elementor-column elementor-col-100 elementor-top-column elementor-element elementor-element-b613857\" data-id=\"b613857\" data-element_type=\"column\" data-e-type=\"column\">\n\t\t\t<div class=\"elementor-widget-wrap elementor-element-populated\">\n\t\t\t\t\t\t<div class=\"elementor-element elementor-element-af2355c solo elementor-widget elementor-widget-heading\" data-id=\"af2355c\" data-element_type=\"widget\" data-e-type=\"widget\" data-widget_type=\"heading.default\">\n\t\t\t\t<div class=\"elementor-widget-container\">\n\t\t\t\t\t<h1 class=\"elementor-heading-title elementor-size-default\">Informations compl\u00e9mentaires<\/h1>\t\t\t\t<\/div>\n\t\t\t\t<\/div>\n\t\t\t\t<section class=\"elementor-section elementor-inner-section elementor-element elementor-element-4f1ad0a elementor-section-boxed elementor-section-height-default elementor-section-height-default\" data-id=\"4f1ad0a\" data-element_type=\"section\" data-e-type=\"section\" data-settings=\"{&quot;background_background&quot;:&quot;classic&quot;}\">\n\t\t\t\t\t\t<div class=\"elementor-container elementor-column-gap-default\">\n\t\t\t\t\t<div class=\"elementor-column elementor-col-33 elementor-inner-column elementor-element elementor-element-c7f1404\" data-id=\"c7f1404\" data-element_type=\"column\" data-e-type=\"column\">\n\t\t\t<div class=\"elementor-widget-wrap elementor-element-populated\">\n\t\t\t\t\t\t<div class=\"elementor-element elementor-element-e309ecd elementor-view-default elementor-widget elementor-widget-icon\" data-id=\"e309ecd\" data-element_type=\"widget\" data-e-type=\"widget\" data-widget_type=\"icon.default\">\n\t\t\t\t<div class=\"elementor-widget-container\">\n\t\t\t\t\t\t\t<div class=\"elementor-icon-wrapper\">\n\t\t\t<div class=\"elementor-icon\">\n\t\t\t<i aria-hidden=\"true\" class=\"fas fa-info-circle\"><\/i>\t\t\t<\/div>\n\t\t<\/div>\n\t\t\t\t\t\t<\/div>\n\t\t\t\t<\/div>\n\t\t\t\t<div class=\"elementor-element elementor-element-b2f7b92 elementor-widget elementor-widget-text-editor\" data-id=\"b2f7b92\" data-element_type=\"widget\" data-e-type=\"widget\" data-widget_type=\"text-editor.default\">\n\t\t\t\t<div class=\"elementor-widget-container\">\n\t\t\t\t\t\t\t\t\t<p>Le th\u00e8me des micropolluants consid\u00e9r\u00e9s du point de vue de l&rsquo;\u00e9puration des eaux us\u00e9es et de la qualit\u00e9 des eaux suscite actuellement beaucoup d&rsquo;int\u00e9r\u00eat.\u00a0<\/p><p>Les micropolluants ont d\u00e9j\u00e0 \u00e9t\u00e9 examin\u00e9s sous diff\u00e9rents aspects dans le cadre de projets maintenant clos. Des indications sur les rapports finaux ou des sites internet externes figurent ci-dessous.\u00a0<\/p><p>Vous trouverez \u00e9galement des liens vers des projets en cours ou des points de contact importants.\u00a0<\/p>\t\t\t\t\t\t\t\t<\/div>\n\t\t\t\t<\/div>\n\t\t\t\t\t<\/div>\n\t\t<\/div>\n\t\t\t\t<div class=\"elementor-column elementor-col-33 elementor-inner-column elementor-element elementor-element-9c533f9\" data-id=\"9c533f9\" data-element_type=\"column\" data-e-type=\"column\">\n\t\t\t<div class=\"elementor-widget-wrap\">\n\t\t\t\t\t\t\t<\/div>\n\t\t<\/div>\n\t\t\t\t<div class=\"elementor-column elementor-col-33 elementor-inner-column elementor-element elementor-element-d4e303f\" data-id=\"d4e303f\" data-element_type=\"column\" data-e-type=\"column\" data-settings=\"{&quot;background_background&quot;:&quot;classic&quot;}\">\n\t\t\t<div class=\"elementor-widget-wrap elementor-element-populated\">\n\t\t\t\t\t\t<div class=\"elementor-element elementor-element-686e684 elementor-tabs-view-vertical elementor-widget elementor-widget-tabs\" data-id=\"686e684\" data-element_type=\"widget\" data-e-type=\"widget\" data-widget_type=\"tabs.default\">\n\t\t\t\t<div class=\"elementor-widget-container\">\n\t\t\t\t\t\t\t<div class=\"elementor-tabs\">\n\t\t\t<div class=\"elementor-tabs-wrapper\" role=\"tablist\" >\n\t\t\t\t\t\t\t\t\t<div id=\"elementor-tab-title-1091\" class=\"elementor-tab-title elementor-tab-desktop-title\" aria-selected=\"true\" data-tab=\"1\" role=\"tab\" tabindex=\"0\" aria-controls=\"elementor-tab-content-1091\" aria-expanded=\"false\">Grande R\u00e9gion <\/div>\n\t\t\t\t\t\t\t\t\t<div id=\"elementor-tab-title-1092\" class=\"elementor-tab-title elementor-tab-desktop-title\" aria-selected=\"false\" data-tab=\"2\" role=\"tab\" tabindex=\"-1\" aria-controls=\"elementor-tab-content-1092\" aria-expanded=\"false\">Allemagne <\/div>\n\t\t\t\t\t\t\t\t\t<div id=\"elementor-tab-title-1093\" class=\"elementor-tab-title elementor-tab-desktop-title\" aria-selected=\"false\" data-tab=\"3\" role=\"tab\" tabindex=\"-1\" aria-controls=\"elementor-tab-content-1093\" aria-expanded=\"false\">Suisse <\/div>\n\t\t\t\t\t\t\t<\/div>\n\t\t\t<div class=\"elementor-tabs-content-wrapper\" role=\"tablist\" aria-orientation=\"vertical\">\n\t\t\t\t\t\t\t\t\t<div class=\"elementor-tab-title elementor-tab-mobile-title\" aria-selected=\"true\" data-tab=\"1\" role=\"tab\" tabindex=\"0\" aria-controls=\"elementor-tab-content-1091\" aria-expanded=\"false\">Grande R\u00e9gion <\/div>\n\t\t\t\t\t<div id=\"elementor-tab-content-1091\" class=\"elementor-tab-content elementor-clearfix\" data-tab=\"1\" role=\"tabpanel\" aria-labelledby=\"elementor-tab-title-1091\" tabindex=\"0\" hidden=\"false\"><ul><li><a href=\"https:\/\/www.emisure.lu\/index.php\" target=\"_blank\" rel=\"noopener\">EmiS\u00fbre : d\u00e9veloppement de strat\u00e9gies visant \u00e0 r\u00e9duire de l\u2019introduction de micro-polluants dans les cours d\u2019eaux de la zone transfrontali\u00e8re germano-luxembourgeoise<\/a><\/li><li><a href=\"https:\/\/comingreat-26-03.eurokey.dev\/wp-content\/uploads\/2022\/11\/FA_Tina-Vollerthun.pdf\" target=\"_blank\" rel=\"noopener\">Article dans la publication sp\u00e9cialis\u00e9e \u00ab Wasser und Abfall \u00bb : concevoir un transfert de savoir et une communication au niveau transfrontalier, 10\/2022<\/a><\/li><\/ul><\/div>\n\t\t\t\t\t\t\t\t\t<div class=\"elementor-tab-title elementor-tab-mobile-title\" aria-selected=\"false\" data-tab=\"2\" role=\"tab\" tabindex=\"-1\" aria-controls=\"elementor-tab-content-1092\" aria-expanded=\"false\">Allemagne <\/div>\n\t\t\t\t\t<div id=\"elementor-tab-content-1092\" class=\"elementor-tab-content elementor-clearfix\" data-tab=\"2\" role=\"tabpanel\" aria-labelledby=\"elementor-tab-title-1092\" tabindex=\"0\" hidden=\"hidden\"><ul><li><a href=\"https:\/\/www.umweltbundesamt.de\/das-spurenstoffzentrum-des-bundes\" target=\"_blank\" rel=\"noopener\">Centre allemand sur les micropolluants<\/a><\/li><li><a href=\"https:\/\/koms-bw.de\/\" target=\"_blank\" rel=\"noopener\">Centre de comp\u00e9tence micropolluants KOM|S BW<\/a><\/li><li><h5><span style=\"color: #ffffff;\">Sarre<\/span><\/h5><ul><li><a href=\"https:\/\/www.evs.de\/umwelt\/forschung-und-entwicklung\/spurenstoffe\" target=\"_blank\" rel=\"noopener\">Mod\u00e9lisation des flux de mati\u00e8res des \u00e9missions totales de micropolluants dans le bassin de la Blies et report des r\u00e9sultats sur le Land de Sarre<\/a><\/li><li><a href=\"https:\/\/comingreat-26-03.eurokey.dev\/wp-content\/uploads\/2022\/11\/FA_Henning-Knerr.pdf\" target=\"_blank\" rel=\"noopener\">Article dans la publication sp\u00e9cialis\u00e9e \u00ab Wasser und Abfall \u00bb : co\u00fbts et utilit\u00e9 des phases d\u2019\u00e9puration additionnelles pour l\u2019\u00e9limination des micropolluants, 10\/2022<\/a><\/li><\/ul><\/li><li><h5><span style=\"color: #ffffff;\">Rh\u00e9nanie-Palatinat<\/span><\/h5><ul><li><a href=\"https:\/\/wasser.rlp-umwelt.de\/servlet\/is\/1130\/mikro_n_schlussbericht.pdf?command=downloadContent&amp;filename=mikro_n_schlussbericht.pdf\" target=\"_blank\" rel=\"noopener\">Mikro_N : \u00e9tude de la pertinence, des possibilit\u00e9s et des co\u00fbts d\u2019une \u00e9limination des micropolluants dans les stations d\u2019\u00e9puration urbaines en Rh\u00e9nanie-Palatinat \u2013 \u00e0 l\u2019exemple de la Nahe<\/a><\/li><\/ul><\/li><li>Kompetenzzentrum Mikroschadstoffe.NRW\u00a0 <a href=\"https:\/\/nrw-mikro.amit-services.de\/das-kompetenzzentrum\/\" target=\"_blank\" rel=\"noopener\">nrw-mikro.amit-services.de\/das-kompetenzzentrum\/<\/a><\/li><li>Projekt Stakeholder-Dialog und Runde Tische <a href=\"https:\/\/www.dialog-spurenstoffstrategie.de\" target=\"_blank\" rel=\"noopener\">www.dialog-spurenstoffstrategie.de<\/a><\/li><\/ul><\/div>\n\t\t\t\t\t\t\t\t\t<div class=\"elementor-tab-title elementor-tab-mobile-title\" aria-selected=\"false\" data-tab=\"3\" role=\"tab\" tabindex=\"-1\" aria-controls=\"elementor-tab-content-1093\" aria-expanded=\"false\">Suisse <\/div>\n\t\t\t\t\t<div id=\"elementor-tab-content-1093\" class=\"elementor-tab-content elementor-clearfix\" data-tab=\"3\" role=\"tabpanel\" aria-labelledby=\"elementor-tab-title-1093\" tabindex=\"0\" hidden=\"hidden\"><ul><li><a href=\"https:\/\/micropoll.ch\/\" target=\"_blank\" rel=\"noopener\">VSA plateforme technique de traitement des micropolluants<\/a><\/li><\/ul><\/div>\n\t\t\t\t\t\t\t<\/div>\n\t\t<\/div>\n\t\t\t\t\t\t<\/div>\n\t\t\t\t<\/div>\n\t\t\t\t\t<\/div>\n\t\t<\/div>\n\t\t\t\t\t<\/div>\n\t\t<\/section>\n\t\t\t\t\t<\/div>\n\t\t<\/div>\n\t\t\t\t\t<\/div>\n\t\t<\/section>\n\t\t\t\t<\/div>\n\t\t","protected":false},"excerpt":{"rendered":"<p>Informations compl\u00e9mentaires Le th\u00e8me des micropolluants consid\u00e9r\u00e9s du point de vue de l&rsquo;\u00e9puration des eaux us\u00e9es et de la qualit\u00e9 des eaux suscite actuellement beaucoup d&rsquo;int\u00e9r\u00eat.\u00a0 Les micropolluants ont d\u00e9j\u00e0 \u00e9t\u00e9 examin\u00e9s sous diff\u00e9rents aspects dans le cadre de projets maintenant clos. Des indications sur les rapports finaux ou des sites internet externes figurent ci-dessous.\u00a0 [&hellip;]<\/p>\n","protected":false},"author":1,"featured_media":0,"parent":5211,"menu_order":4,"comment_status":"closed","ping_status":"closed","template":"","meta":{"footnotes":""},"class_list":["post-7532","page","type-page","status-publish","hentry"],"yoast_head":"<!-- This site is optimized with the Yoast SEO plugin v27.3 - https:\/\/yoast.com\/product\/yoast-seo-wordpress\/ -->\n<title>Informations compl\u00e9mentaires - CoMinGreat<\/title>\n<meta name=\"robots\" content=\"index, follow, max-snippet:-1, max-image-preview:large, max-video-preview:-1\" \/>\n<link rel=\"canonical\" href=\"https:\/\/comingreat-26-03.eurokey.dev\/fr\/les-micropolluants\/informations-complementaires\/\" \/>\n<meta property=\"og:locale\" content=\"fr_FR\" \/>\n<meta property=\"og:type\" content=\"article\" \/>\n<meta property=\"og:title\" content=\"Informations compl\u00e9mentaires - CoMinGreat\" \/>\n<meta property=\"og:description\" content=\"Informations compl\u00e9mentaires Le th\u00e8me des micropolluants consid\u00e9r\u00e9s du point de vue de l&rsquo;\u00e9puration des eaux us\u00e9es et de la qualit\u00e9 des eaux suscite actuellement beaucoup d&rsquo;int\u00e9r\u00eat.\u00a0 Les micropolluants ont d\u00e9j\u00e0 \u00e9t\u00e9 examin\u00e9s sous diff\u00e9rents aspects dans le cadre de projets maintenant clos. Des indications sur les rapports finaux ou des sites internet externes figurent ci-dessous.\u00a0 [&hellip;]\" \/>\n<meta property=\"og:url\" content=\"https:\/\/comingreat-26-03.eurokey.dev\/fr\/les-micropolluants\/informations-complementaires\/\" \/>\n<meta property=\"og:site_name\" content=\"CoMinGreat\" \/>\n<meta property=\"article:modified_time\" content=\"2022-12-15T09:57:47+00:00\" \/>\n<meta name=\"twitter:card\" content=\"summary_large_image\" \/>\n<meta name=\"twitter:label1\" content=\"Dur\u00e9e de lecture estim\u00e9e\" \/>\n\t<meta name=\"twitter:data1\" content=\"2 minutes\" \/>\n<script type=\"application\/ld+json\" class=\"yoast-schema-graph\">{\"@context\":\"https:\\\/\\\/schema.org\",\"@graph\":[{\"@type\":\"WebPage\",\"@id\":\"https:\\\/\\\/comingreat-26-03.eurokey.dev\\\/fr\\\/les-micropolluants\\\/informations-complementaires\\\/\",\"url\":\"https:\\\/\\\/comingreat-26-03.eurokey.dev\\\/fr\\\/les-micropolluants\\\/informations-complementaires\\\/\",\"name\":\"Informations compl\u00e9mentaires - CoMinGreat\",\"isPartOf\":{\"@id\":\"https:\\\/\\\/comingreat-26-03.eurokey.dev\\\/fr\\\/#website\"},\"datePublished\":\"2022-11-16T12:00:56+00:00\",\"dateModified\":\"2022-12-15T09:57:47+00:00\",\"breadcrumb\":{\"@id\":\"https:\\\/\\\/comingreat-26-03.eurokey.dev\\\/fr\\\/les-micropolluants\\\/informations-complementaires\\\/#breadcrumb\"},\"inLanguage\":\"fr-FR\",\"potentialAction\":[{\"@type\":\"ReadAction\",\"target\":[\"https:\\\/\\\/comingreat-26-03.eurokey.dev\\\/fr\\\/les-micropolluants\\\/informations-complementaires\\\/\"]}]},{\"@type\":\"BreadcrumbList\",\"@id\":\"https:\\\/\\\/comingreat-26-03.eurokey.dev\\\/fr\\\/les-micropolluants\\\/informations-complementaires\\\/#breadcrumb\",\"itemListElement\":[{\"@type\":\"ListItem\",\"position\":1,\"name\":\"Page d'acceuil\",\"item\":\"https:\\\/\\\/comingreat-26-03.eurokey.dev\\\/fr\\\/\"},{\"@type\":\"ListItem\",\"position\":2,\"name\":\"Les micropolluants\",\"item\":\"https:\\\/\\\/comingreat-26-03.eurokey.dev\\\/fr\\\/les-micropolluants\\\/\"},{\"@type\":\"ListItem\",\"position\":3,\"name\":\"Informations compl\u00e9mentaires\"}]},{\"@type\":\"WebSite\",\"@id\":\"https:\\\/\\\/comingreat-26-03.eurokey.dev\\\/fr\\\/#website\",\"url\":\"https:\\\/\\\/comingreat-26-03.eurokey.dev\\\/fr\\\/\",\"name\":\"CoMinGreat\",\"description\":\"Mikroschadstoffe in der Gro\u00dfregion\",\"publisher\":{\"@id\":\"https:\\\/\\\/comingreat-26-03.eurokey.dev\\\/fr\\\/#organization\"},\"potentialAction\":[{\"@type\":\"SearchAction\",\"target\":{\"@type\":\"EntryPoint\",\"urlTemplate\":\"https:\\\/\\\/comingreat-26-03.eurokey.dev\\\/fr\\\/?s={search_term_string}\"},\"query-input\":{\"@type\":\"PropertyValueSpecification\",\"valueRequired\":true,\"valueName\":\"search_term_string\"}}],\"inLanguage\":\"fr-FR\"},{\"@type\":\"Organization\",\"@id\":\"https:\\\/\\\/comingreat-26-03.eurokey.dev\\\/fr\\\/#organization\",\"name\":\"CoMinGreat\",\"url\":\"https:\\\/\\\/comingreat-26-03.eurokey.dev\\\/fr\\\/\",\"logo\":{\"@type\":\"ImageObject\",\"inLanguage\":\"fr-FR\",\"@id\":\"https:\\\/\\\/comingreat-26-03.eurokey.dev\\\/fr\\\/#\\\/schema\\\/logo\\\/image\\\/\",\"url\":\"https:\\\/\\\/comingreat-26-03.eurokey.dev\\\/wp-content\\\/uploads\\\/2022\\\/09\\\/Interreg_GR_CoMinGreat_RGB_web.svg\",\"contentUrl\":\"https:\\\/\\\/comingreat-26-03.eurokey.dev\\\/wp-content\\\/uploads\\\/2022\\\/09\\\/Interreg_GR_CoMinGreat_RGB_web.svg\",\"width\":437,\"height\":177,\"caption\":\"CoMinGreat\"},\"image\":{\"@id\":\"https:\\\/\\\/comingreat-26-03.eurokey.dev\\\/fr\\\/#\\\/schema\\\/logo\\\/image\\\/\"}}]}<\/script>\n<!-- \/ Yoast SEO plugin. -->","yoast_head_json":{"title":"Informations compl\u00e9mentaires - CoMinGreat","robots":{"index":"index","follow":"follow","max-snippet":"max-snippet:-1","max-image-preview":"max-image-preview:large","max-video-preview":"max-video-preview:-1"},"canonical":"https:\/\/comingreat-26-03.eurokey.dev\/fr\/les-micropolluants\/informations-complementaires\/","og_locale":"fr_FR","og_type":"article","og_title":"Informations compl\u00e9mentaires - CoMinGreat","og_description":"Informations compl\u00e9mentaires Le th\u00e8me des micropolluants consid\u00e9r\u00e9s du point de vue de l&rsquo;\u00e9puration des eaux us\u00e9es et de la qualit\u00e9 des eaux suscite actuellement beaucoup d&rsquo;int\u00e9r\u00eat.\u00a0 Les micropolluants ont d\u00e9j\u00e0 \u00e9t\u00e9 examin\u00e9s sous diff\u00e9rents aspects dans le cadre de projets maintenant clos. Des indications sur les rapports finaux ou des sites internet externes figurent ci-dessous.\u00a0 [&hellip;]","og_url":"https:\/\/comingreat-26-03.eurokey.dev\/fr\/les-micropolluants\/informations-complementaires\/","og_site_name":"CoMinGreat","article_modified_time":"2022-12-15T09:57:47+00:00","twitter_card":"summary_large_image","twitter_misc":{"Dur\u00e9e de lecture estim\u00e9e":"2 minutes"},"schema":{"@context":"https:\/\/schema.org","@graph":[{"@type":"WebPage","@id":"https:\/\/comingreat-26-03.eurokey.dev\/fr\/les-micropolluants\/informations-complementaires\/","url":"https:\/\/comingreat-26-03.eurokey.dev\/fr\/les-micropolluants\/informations-complementaires\/","name":"Informations compl\u00e9mentaires - CoMinGreat","isPartOf":{"@id":"https:\/\/comingreat-26-03.eurokey.dev\/fr\/#website"},"datePublished":"2022-11-16T12:00:56+00:00","dateModified":"2022-12-15T09:57:47+00:00","breadcrumb":{"@id":"https:\/\/comingreat-26-03.eurokey.dev\/fr\/les-micropolluants\/informations-complementaires\/#breadcrumb"},"inLanguage":"fr-FR","potentialAction":[{"@type":"ReadAction","target":["https:\/\/comingreat-26-03.eurokey.dev\/fr\/les-micropolluants\/informations-complementaires\/"]}]},{"@type":"BreadcrumbList","@id":"https:\/\/comingreat-26-03.eurokey.dev\/fr\/les-micropolluants\/informations-complementaires\/#breadcrumb","itemListElement":[{"@type":"ListItem","position":1,"name":"Page d'acceuil","item":"https:\/\/comingreat-26-03.eurokey.dev\/fr\/"},{"@type":"ListItem","position":2,"name":"Les micropolluants","item":"https:\/\/comingreat-26-03.eurokey.dev\/fr\/les-micropolluants\/"},{"@type":"ListItem","position":3,"name":"Informations compl\u00e9mentaires"}]},{"@type":"WebSite","@id":"https:\/\/comingreat-26-03.eurokey.dev\/fr\/#website","url":"https:\/\/comingreat-26-03.eurokey.dev\/fr\/","name":"CoMinGreat","description":"Mikroschadstoffe in der Gro\u00dfregion","publisher":{"@id":"https:\/\/comingreat-26-03.eurokey.dev\/fr\/#organization"},"potentialAction":[{"@type":"SearchAction","target":{"@type":"EntryPoint","urlTemplate":"https:\/\/comingreat-26-03.eurokey.dev\/fr\/?s={search_term_string}"},"query-input":{"@type":"PropertyValueSpecification","valueRequired":true,"valueName":"search_term_string"}}],"inLanguage":"fr-FR"},{"@type":"Organization","@id":"https:\/\/comingreat-26-03.eurokey.dev\/fr\/#organization","name":"CoMinGreat","url":"https:\/\/comingreat-26-03.eurokey.dev\/fr\/","logo":{"@type":"ImageObject","inLanguage":"fr-FR","@id":"https:\/\/comingreat-26-03.eurokey.dev\/fr\/#\/schema\/logo\/image\/","url":"https:\/\/comingreat-26-03.eurokey.dev\/wp-content\/uploads\/2022\/09\/Interreg_GR_CoMinGreat_RGB_web.svg","contentUrl":"https:\/\/comingreat-26-03.eurokey.dev\/wp-content\/uploads\/2022\/09\/Interreg_GR_CoMinGreat_RGB_web.svg","width":437,"height":177,"caption":"CoMinGreat"},"image":{"@id":"https:\/\/comingreat-26-03.eurokey.dev\/fr\/#\/schema\/logo\/image\/"}}]}},"_links":{"self":[{"href":"https:\/\/comingreat-26-03.eurokey.dev\/fr\/wp-json\/wp\/v2\/pages\/7532","targetHints":{"allow":["GET"]}}],"collection":[{"href":"https:\/\/comingreat-26-03.eurokey.dev\/fr\/wp-json\/wp\/v2\/pages"}],"about":[{"href":"https:\/\/comingreat-26-03.eurokey.dev\/fr\/wp-json\/wp\/v2\/types\/page"}],"author":[{"embeddable":true,"href":"https:\/\/comingreat-26-03.eurokey.dev\/fr\/wp-json\/wp\/v2\/users\/1"}],"replies":[{"embeddable":true,"href":"https:\/\/comingreat-26-03.eurokey.dev\/fr\/wp-json\/wp\/v2\/comments?post=7532"}],"version-history":[{"count":40,"href":"https:\/\/comingreat-26-03.eurokey.dev\/fr\/wp-json\/wp\/v2\/pages\/7532\/revisions"}],"predecessor-version":[{"id":12589,"href":"https:\/\/comingreat-26-03.eurokey.dev\/fr\/wp-json\/wp\/v2\/pages\/7532\/revisions\/12589"}],"up":[{"embeddable":true,"href":"https:\/\/comingreat-26-03.eurokey.dev\/fr\/wp-json\/wp\/v2\/pages\/5211"}],"wp:attachment":[{"href":"https:\/\/comingreat-26-03.eurokey.dev\/fr\/wp-json\/wp\/v2\/media?parent=7532"}],"curies":[{"name":"wp","href":"https:\/\/api.w.org\/{rel}","templated":true}]}}